{"id":25,"date":"2025-03-06T13:07:57","date_gmt":"2025-03-06T16:07:57","guid":{"rendered":"https:\/\/exclusivo.vermon.com.br\/?page_id=25"},"modified":"2026-01-27T14:20:19","modified_gmt":"2026-01-27T17:20:19","slug":"elementor-25","status":"publish","type":"page","link":"https:\/\/exclusivo.vermon.com.br\/","title":{"rendered":"Vermon Moda Fitness Cole\u00e7\u00e3o 2025"},"content":{"rendered":"<p><img loading=\"lazy\" decoding=\"async\" width=\"250\" height=\"250\" src=\"https:\/\/exclusivo.vermon.com.br\/wp-content\/uploads\/2025\/03\/logo-vermon-branco.png\" alt=\"\" \/>\t\t\t\t\t\t\t\t\t\t\t\t\t\t\t<\/p>\n<h2>NOVA COLE\u00c7\u00c3O VERMON 2026<\/h2>\n<h2>Moda fitness com cole\u00e7\u00e3o exclusiva para quem treina com prop\u00f3sito e vive com intensidade. <strong>Escolha o que combina com voc\u00ea e eleve seu treino a outro n\u00edvel!<\/strong><\/h2>\n<p>\t\t\t\t\t<a href=\"https:\/\/exclusivo.vermon.com.br\/loja-campinas\" target=\"_blank\"><br \/>\n\t\t\t\t\t\t\t\t\tVISITE NOSSA LOJA F\u00cdSICA<br \/>\n\t\t\t\t\t<\/a><br \/>\n\t\t\t\t\t20\t\t\t\t<\/p>\n<h2>+<\/h2>\n<p>\t\t\t\t\tAnos no Mercado Fitness<br \/>\n\t\t\t\t\t820<\/p>\n<h2>+<\/h2>\n<p>\t\t\t\t\tClientes satisfeitos<br \/>\n\t\t\t\t\t100\t\t\t\t<\/p>\n<h2>%<\/h2>\n<p>\t\t\t\t\tAlta aprova\u00e7\u00e3o dos Produtos<br \/>\n\t\t\t\t\t60\t\t\t\t<\/p>\n<h2>+<\/h2>\n<p>\t\t\t\t\tCole\u00e7\u00f5es exclusivas\t\t\t\t<\/p>\n<h2>QUEM SOMOS<\/h2>\n<h2>VERMON MODA FITNESS EM CAPINAS<\/h2>\n<p>Em seus 28 anos, a Vermon sempre se comprometeu a oferecer tecidos e modelos ditados pelas \u00faltimas tend\u00eancias e, tendo como foco principal, proporcionar roupas de alta qualidade que n\u00e3o apenas se ajustem ao corpo, mas tamb\u00e9m elevem a autoestima de homens e mulheres a se sentirem confiantes e capazes em todas as suas atividades f\u00edsicas. <\/p>\n<p>Buscamos ser um s\u00edmbolo de apoio e inspira\u00e7\u00e3o para atletas e n\u00e3o atletas de todas as idades, incentivando-os(as) a priorizar sua sa\u00fade e bem-estar, enquanto se sentem incr\u00edveis e confiantes.\n<\/p>\n<p>\t\t\t\t\t<a href=\"https:\/\/exclusivo.vermon.com.br\/loja-campinas\" target=\"_blank\"><br \/>\n\t\t\t\t<svg aria-hidden=\"true\" viewBox=\"0 0 448 512\" xmlns=\"http:\/\/www.w3.org\/2000\/svg\"><path d=\"M190.5 66.9l22.2-22.2c9.4-9.4 24.6-9.4 33.9 0L441 239c9.4 9.4 9.4 24.6 0 33.9L246.6 467.3c-9.4 9.4-24.6 9.4-33.9 0l-22.2-22.2c-9.5-9.5-9.3-25 .4-34.3L311.4 296H24c-13.3 0-24-10.7-24-24v-32c0-13.3 10.7-24 24-24h287.4L190.9 101.2c-9.8-9.3-10-24.8-.4-34.3z\"><\/path><\/svg><br \/>\n\t\t\t\t\t\t\t\t\tLOJA EM CAMPINAS<br \/>\n\t\t\t\t\t<\/a><br \/>\n\t\t\t\t\t\t\t\t\t\t\t\t\t\t\t<img loading=\"lazy\" decoding=\"async\" width=\"800\" height=\"1000\" src=\"https:\/\/exclusivo.vermon.com.br\/wp-content\/uploads\/2025\/03\/18.jpg\" alt=\"\" \/><br \/>\n\t\t\t\t\t\t\t\t\t\t\t\t\t\t\t<img loading=\"lazy\" decoding=\"async\" width=\"800\" height=\"1000\" src=\"https:\/\/exclusivo.vermon.com.br\/wp-content\/uploads\/2025\/03\/11.jpg\" alt=\"\" \/><br \/>\n\t\t\t\t\t\t\t\t\t\t\t\t\t\t\t<img loading=\"lazy\" decoding=\"async\" width=\"675\" height=\"675\" src=\"https:\/\/exclusivo.vermon.com.br\/wp-content\/uploads\/2025\/03\/mapa-vermon-campinas.png\" alt=\"\" \/>\t\t\t\t\t\t\t\t\t\t\t\t\t\t\t<\/p>\n<h2>LOJA F\u00cdSICA<\/h2>\n<h2>ONDE ESTAMOS LOCALIZADOS&#8230;<\/h2>\n<p><strong>Vermon Moda Fitness Campinas \u2013 Estilo e Performance para Seu Treino<\/strong><\/p>\n<p>Na <b>Vermon Moda Fitness<\/b>, voc\u00ea encontra roupas esportivas que unem conforto, tecnologia e design para elevar sua performance nos treinos. <b>Nossa loja em Campinas<\/b> oferece uma sele\u00e7\u00e3o exclusiva de moda fitness masculina e feminina, com op\u00e7\u00f5es de entrega no mesmo dia.<\/p>\n<p><img decoding=\"async\" role=\"img\" draggable=\"false\" src=\"https:\/\/s.w.org\/images\/core\/emoji\/15.0.3\/svg\/1f4cd.svg\" alt=\"\ud83d\udccd\" \/> <strong>Av. Almeida Garret, 1111 \u2013 Parque Taquaral, Campinas\/SP<\/strong><br \/><img decoding=\"async\" role=\"img\" draggable=\"false\" src=\"https:\/\/s.w.org\/images\/core\/emoji\/15.0.3\/svg\/1f4de.svg\" alt=\"\ud83d\udcde\" \/> <strong>(19) 98887-0300<\/strong> | <strong>Atendimento de segunda a sexta<\/strong><\/p>\n<p><b>Venha conhecer a nova cole\u00e7\u00e3o e transformar seu jeito de treinar!<\/b><\/p>\n<p>\t\t\t\t\t<a href=\"https:\/\/exclusivo.vermon.com.br\/loja-campinas\" target=\"_blank\"><br \/>\n\t\t\t\t<svg aria-hidden=\"true\" viewBox=\"0 0 448 512\" xmlns=\"http:\/\/www.w3.org\/2000\/svg\"><path d=\"M190.5 66.9l22.2-22.2c9.4-9.4 24.6-9.4 33.9 0L441 239c9.4 9.4 9.4 24.6 0 33.9L246.6 467.3c-9.4 9.4-24.6 9.4-33.9 0l-22.2-22.2c-9.5-9.5-9.3-25 .4-34.3L311.4 296H24c-13.3 0-24-10.7-24-24v-32c0-13.3 10.7-24 24-24h287.4L190.9 101.2c-9.8-9.3-10-24.8-.4-34.3z\"><\/path><\/svg><br \/>\n\t\t\t\t\t\t\t\t\tFA\u00c7A UMA VISITA<br \/>\n\t\t\t\t\t<\/a><\/p>\n<h2>BENEF\u00cdCIOS<\/h2>\n<h2>QUALIDADE VERMON<\/h2>\n<p>\t\t\t\t<svg aria-hidden=\"true\" viewBox=\"0 0 496 512\" xmlns=\"http:\/\/www.w3.org\/2000\/svg\"><path d=\"M248 8C111 8 0 119 0 256s111 248 248 248 248-111 248-248S385 8 248 8zm33.8 189.7l80-48c11.6-6.9 24 7.7 15.4 18L343.6 208l33.6 40.3c8.7 10.4-3.9 24.8-15.4 18l-80-48c-7.7-4.7-7.7-15.9 0-20.6zm-163-30c-8.6-10.3 3.8-24.9 15.4-18l80 48c7.8 4.7 7.8 15.9 0 20.6l-80 48c-11.5 6.8-24-7.6-15.4-18l33.6-40.3-33.6-40.3zM248 432c-60.6 0-134.5-38.3-143.8-93.3-2-11.9 9.4-21.6 20.7-17.9C155.1 330.5 200 336 248 336s92.9-5.5 123.1-15.2c11.5-3.7 22.6 6.2 20.7 17.9-9.3 55-83.2 93.3-143.8 93.3z\"><\/path><\/svg>\t\t\t\t<\/p>\n<h3>\n\t\t\t\t\t\t\tCaimento<br \/>\n\t\t\t\t\t<\/h3>\n<p>\n\t\t\t\t\t\tModelagem anat\u00f4mica que se ajusta ao corpo, garantindo conforto e liberdade nos movimentos.\t\t\t\t\t<\/p>\n<p>\t\t\t\t<svg aria-hidden=\"true\" viewBox=\"0 0 512 512\" xmlns=\"http:\/\/www.w3.org\/2000\/svg\"><path d=\"M461.2 128H80c-8.84 0-16-7.16-16-16s7.16-16 16-16h384c8.84 0 16-7.16 16-16 0-26.51-21.49-48-48-48H64C28.65 32 0 60.65 0 96v320c0 35.35 28.65 64 64 64h397.2c28.02 0 50.8-21.53 50.8-48V176c0-26.47-22.78-48-50.8-48zM416 336c-17.67 0-32-14.33-32-32s14.33-32 32-32 32 14.33 32 32-14.33 32-32 32z\"><\/path><\/svg>\t\t\t\t<\/p>\n<h3>\n\t\t\t\t\t\t\tValoriza\u00e7\u00e3o natural<br \/>\n\t\t\t\t\t<\/h3>\n<p>\n\t\t\t\t\t\tModelagens que destacam suas formas de maneira sutil e moderna, elevando sua confian\u00e7a durante as atividades f\u00edsicas.\t\t\t\t\t<\/p>\n<p>\t\t\t\t<svg aria-hidden=\"true\" viewBox=\"0 0 512 512\" xmlns=\"http:\/\/www.w3.org\/2000\/svg\"><path d=\"M96 304c0 8.8 7.2 16 16 16h117.5l-96-96H112c-8.8 0-16 7.2-16 16v64zM256 0C114.6 0 0 114.6 0 256s114.6 256 256 256 256-114.6 256-256S397.4 0 256 0zm0 448c-105.9 0-192-86.1-192-192 0-41.4 13.3-79.7 35.7-111.1l267.4 267.4C335.7 434.7 297.4 448 256 448zm45.2-192H384v32h-50.8l-32-32zm111.1 111.1L365.2 320H400c8.8 0 16-7.2 16-16v-64c0-8.8-7.2-16-16-16H269.2L144.9 99.7C176.3 77.3 214.6 64 256 64c105.9 0 192 86.1 192 192 0 41.4-13.3 79.7-35.7 111.1zM320.6 128c-15.6 0-28.6-11.2-31.4-25.9-.7-3.6-4-6.1-7.7-6.1h-16.2c-5 0-8.7 4.5-8 9.4 4.6 30.9 31.2 54.6 63.3 54.6 15.6 0 28.6 11.2 31.4 25.9.7 3.6 4 6.1 7.7 6.1h16.2c5 0 8.7-4.5 8-9.4-4.6-30.9-31.2-54.6-63.3-54.6z\"><\/path><\/svg>\t\t\t\t<\/p>\n<h3>\n\t\t\t\t\t\t\tRegula\u00e7\u00e3o t\u00e9rmica<br \/>\n\t\t\t\t\t<\/h3>\n<p>\n\t\t\t\t\t\tTecidos respir\u00e1veis que ajudam a manter a temperatura corporal est\u00e1vel, proporcionando conforto mesmo nos treinos mais intensos.\t\t\t\t\t<\/p>\n<p>\t\t\t\t\t\t\t\t\t\t\t\t\t\t\t<img loading=\"lazy\" decoding=\"async\" width=\"480\" height=\"1024\" src=\"https:\/\/exclusivo.vermon.com.br\/wp-content\/uploads\/2025\/03\/vermon-site.png\" alt=\"\" \/><br \/>\n\t\t\t\t<svg aria-hidden=\"true\" viewBox=\"0 0 512 512\" xmlns=\"http:\/\/www.w3.org\/2000\/svg\"><path d=\"M256 0C114.6 0 0 100.3 0 224c0 70.1 36.9 132.6 94.5 173.7 9.6 6.9 15.2 18.1 13.5 29.9l-9.4 66.2c-1.4 9.6 6 18.2 15.7 18.2H192v-56c0-4.4 3.6-8 8-8h16c4.4 0 8 3.6 8 8v56h64v-56c0-4.4 3.6-8 8-8h16c4.4 0 8 3.6 8 8v56h77.7c9.7 0 17.1-8.6 15.7-18.2l-9.4-66.2c-1.7-11.7 3.8-23 13.5-29.9C475.1 356.6 512 294.1 512 224 512 100.3 397.4 0 256 0zm-96 320c-35.3 0-64-28.7-64-64s28.7-64 64-64 64 28.7 64 64-28.7 64-64 64zm192 0c-35.3 0-64-28.7-64-64s28.7-64 64-64 64 28.7 64 64-28.7 64-64 64z\"><\/path><\/svg>\t\t\t\t<\/p>\n<h3>\n\t\t\t\t\t\t\tMovimentos livres<br \/>\n\t\t\t\t\t<\/h3>\n<p>\n\t\t\t\t\t\tDesign ergon\u00f4mico que proporciona liberdade total de movimento, permitindo que voc\u00ea execute exerc\u00edcios com m\u00e1xima amplitude.\t\t\t\t\t<\/p>\n<p>\t\t\t\t<svg aria-hidden=\"true\" viewBox=\"0 0 640 512\" xmlns=\"http:\/\/www.w3.org\/2000\/svg\"><path d=\"M192 256c61.9 0 112-50.1 112-112S253.9 32 192 32 80 82.1 80 144s50.1 112 112 112zm76.8 32h-8.3c-20.8 10-43.9 16-68.5 16s-47.6-6-68.5-16h-8.3C51.6 288 0 339.6 0 403.2V432c0 26.5 21.5 48 48 48h288c26.5 0 48-21.5 48-48v-28.8c0-63.6-51.6-115.2-115.2-115.2zM480 256c53 0 96-43 96-96s-43-96-96-96-96 43-96 96 43 96 96 96zm48 32h-3.8c-13.9 4.8-28.6 8-44.2 8s-30.3-3.2-44.2-8H432c-20.4 0-39.2 5.9-55.7 15.4 24.4 26.3 39.7 61.2 39.7 99.8v38.4c0 2.2-.5 4.3-.6 6.4H592c26.5 0 48-21.5 48-48 0-61.9-50.1-112-112-112z\"><\/path><\/svg>\t\t\t\t<\/p>\n<h3>\n\t\t\t\t\t\t\tAlta durabilidade<br \/>\n\t\t\t\t\t<\/h3>\n<p>\n\t\t\t\t\t\tPe\u00e7as confeccionadas com materiais resistentes que suportam o uso intenso, garantindo longa vida \u00fatil e excelente custo-benef\u00edcio.\t\t\t\t\t<\/p>\n<p>\t\t\t\t<svg aria-hidden=\"true\" viewBox=\"0 0 576 512\" xmlns=\"http:\/\/www.w3.org\/2000\/svg\"><path d=\"M159.88,175.82h64v64a16,16,0,0,0,16,16h64a16,16,0,0,0,16-16v-64h64a16,16,0,0,0,16-16v-64a16,16,0,0,0-16-16h-64v-64a16,16,0,0,0-16-16h-64a16,16,0,0,0-16,16v64h-64a16,16,0,0,0-16,16v64A16,16,0,0,0,159.88,175.82ZM568.07,336.13a39.91,39.91,0,0,0-55.93-8.47L392.47,415.84H271.86a16,16,0,0,1,0-32H350.1c16,0,30.75-10.87,33.37-26.61a32.06,32.06,0,0,0-31.62-37.38h-160a117.7,117.7,0,0,0-74.12,26.25l-46.5,37.74H15.87a16.11,16.11,0,0,0-16,16v96a16.11,16.11,0,0,0,16,16h347a104.8,104.8,0,0,0,61.7-20.27L559.6,392A40,40,0,0,0,568.07,336.13Z\"><\/path><\/svg>\t\t\t\t<\/p>\n<h3>\n\t\t\t\t\t\t\tSustentabilidade<br \/>\n\t\t\t\t\t<\/h3>\n<p>\n\t\t\t\t\t\tCompromisso com o meio ambiente ao utilizar materiais eco-friendly, contribuindo para um planeta mais saud\u00e1vel.\t\t\t\t\t<\/p>\n<h2>CATEGORIAS<\/h2>\n<h2>SELE\u00c7\u00c3O DE PRODUTOS<\/h2>\n<p>\t\t\t\t\t<a href=\"https:\/\/exclusivo.vermon.com.br\/loja-campinas\" target=\"_blank\"><br \/>\n\t\t\t\t\t\t\t\t\tLOJA EM CAMPINAS<br \/>\n\t\t\t\t\t<\/a><\/p>\n<h2>Tops e Regatas<br \/>\n<\/h2>\n<h2>Leveza e sustenta\u00e7\u00e3o na medida certa, com tecidos tecnol\u00f3gicos que garantem conforto e estilo para qualquer treino.<\/h2>\n<p>\t\t\t\t\t<a href=\"https:\/\/vermon.com.br\" target=\"_blank\"><br \/>\n\t\t\t\t<svg aria-hidden=\"true\" viewBox=\"0 0 448 512\" xmlns=\"http:\/\/www.w3.org\/2000\/svg\"><path d=\"M190.5 66.9l22.2-22.2c9.4-9.4 24.6-9.4 33.9 0L441 239c9.4 9.4 9.4 24.6 0 33.9L246.6 467.3c-9.4 9.4-24.6 9.4-33.9 0l-22.2-22.2c-9.5-9.5-9.3-25 .4-34.3L311.4 296H24c-13.3 0-24-10.7-24-24v-32c0-13.3 10.7-24 24-24h287.4L190.9 101.2c-9.8-9.3-10-24.8-.4-34.3z\"><\/path><\/svg><br \/>\n\t\t\t\t\t\t\t\t\tVER MAIS<br \/>\n\t\t\t\t\t<\/a><\/p>\n<h2><\/h2>\n<h2>Legging e Shorts Saia<\/h2>\n<h2>Modelagem que valoriza o corpo, proporcionando liberdade de movimento e ajuste perfeito para m\u00e1xima performance.<br \/>\n<\/h2>\n<p>\t\t\t\t\t<a href=\"https:\/\/vermon.com.br\" target=\"_blank\"><br \/>\n\t\t\t\t<svg aria-hidden=\"true\" viewBox=\"0 0 448 512\" xmlns=\"http:\/\/www.w3.org\/2000\/svg\"><path d=\"M190.5 66.9l22.2-22.2c9.4-9.4 24.6-9.4 33.9 0L441 239c9.4 9.4 9.4 24.6 0 33.9L246.6 467.3c-9.4 9.4-24.6 9.4-33.9 0l-22.2-22.2c-9.5-9.5-9.3-25 .4-34.3L311.4 296H24c-13.3 0-24-10.7-24-24v-32c0-13.3 10.7-24 24-24h287.4L190.9 101.2c-9.8-9.3-10-24.8-.4-34.3z\"><\/path><\/svg><br \/>\n\t\t\t\t\t\t\t\t\tVER MAIS<br \/>\n\t\t\t\t\t<\/a><\/p>\n<h2><\/h2>\n<h2>Coletes e Blusas<\/h2>\n<h2>Pe\u00e7as vers\u00e1teis que combinam prote\u00e7\u00e3o e respirabilidade, ideais para manter o equil\u00edbrio t\u00e9rmico antes, durante e ap\u00f3s o treino.<br \/>\n<\/h2>\n<p>\t\t\t\t\t<a href=\"https:\/\/vermon.com.br\" target=\"_blank\"><br \/>\n\t\t\t\t<svg aria-hidden=\"true\" viewBox=\"0 0 448 512\" xmlns=\"http:\/\/www.w3.org\/2000\/svg\"><path d=\"M190.5 66.9l22.2-22.2c9.4-9.4 24.6-9.4 33.9 0L441 239c9.4 9.4 9.4 24.6 0 33.9L246.6 467.3c-9.4 9.4-24.6 9.4-33.9 0l-22.2-22.2c-9.5-9.5-9.3-25 .4-34.3L311.4 296H24c-13.3 0-24-10.7-24-24v-32c0-13.3 10.7-24 24-24h287.4L190.9 101.2c-9.8-9.3-10-24.8-.4-34.3z\"><\/path><\/svg><br \/>\n\t\t\t\t\t\t\t\t\tVER MAIS<br \/>\n\t\t\t\t\t<\/a><\/p>\n<h2><\/h2>\n<h2>MODA FITNESS 2025<\/h2>\n<h2>ENCONTRE O LOOK PERFEITO PARA SEU TREINO<\/h2>\n<p data-start=\"85\" data-end=\"307\">A nova cole\u00e7\u00e3o Vermon Moda Fitness traz inova\u00e7\u00e3o, conforto e design sofisticado para elevar seu desempenho. Pe\u00e7as criadas para quem busca mais do que roupas de treino\u2014um estilo de vida ativo, din\u00e2mico e cheio de atitude.<\/p>\n<p data-start=\"309\" data-end=\"395\">\u2705 Tecnologia avan\u00e7ada<br data-start=\"331\" data-end=\"334\" \/>\u2705 Modelagem que valoriza<br data-start=\"359\" data-end=\"362\" data-is-only-node=\"\" \/>\u2705 Liberdade para se movimentar<\/p>\n<p data-start=\"397\" data-end=\"458\" data-is-last-node=\"\" data-is-only-node=\"\"><strong>Descubra a combina\u00e7\u00e3o perfeita entre moda e alta performance.<\/strong><\/p>\n<p>\t\t\t\t\t<a href=\"https:\/\/exclusivo.vermon.com.br\/loja-campinas\" target=\"_blank\"><br \/>\n\t\t\t\t<svg aria-hidden=\"true\" viewBox=\"0 0 448 512\" xmlns=\"http:\/\/www.w3.org\/2000\/svg\"><path d=\"M190.5 66.9l22.2-22.2c9.4-9.4 24.6-9.4 33.9 0L441 239c9.4 9.4 9.4 24.6 0 33.9L246.6 467.3c-9.4 9.4-24.6 9.4-33.9 0l-22.2-22.2c-9.5-9.5-9.3-25 .4-34.3L311.4 296H24c-13.3 0-24-10.7-24-24v-32c0-13.3 10.7-24 24-24h287.4L190.9 101.2c-9.8-9.3-10-24.8-.4-34.3z\"><\/path><\/svg><br \/>\n\t\t\t\t\t\t\t\t\tFA\u00c7A-NOS UMA VISITA<br \/>\n\t\t\t\t\t<\/a><\/p>\n<figure><img decoding=\"async\" src=\"https:\/\/exclusivo.vermon.com.br\/wp-content\/uploads\/2025\/03\/25.jpg\" alt=\"25\" \/><\/figure>\n<figure><img decoding=\"async\" src=\"https:\/\/exclusivo.vermon.com.br\/wp-content\/uploads\/2025\/03\/24.jpg\" alt=\"24\" \/><\/figure>\n<figure><img decoding=\"async\" src=\"https:\/\/exclusivo.vermon.com.br\/wp-content\/uploads\/2025\/03\/23.jpg\" alt=\"23\" \/><\/figure>\n<figure><img decoding=\"async\" src=\"https:\/\/exclusivo.vermon.com.br\/wp-content\/uploads\/2025\/03\/22.jpg\" alt=\"22\" \/><\/figure>\n<figure><img decoding=\"async\" src=\"https:\/\/exclusivo.vermon.com.br\/wp-content\/uploads\/2025\/03\/21.jpg\" alt=\"21\" \/><\/figure>\n<figure><img decoding=\"async\" src=\"https:\/\/exclusivo.vermon.com.br\/wp-content\/uploads\/2025\/03\/20.jpg\" alt=\"20\" \/><\/figure>\n<figure><img decoding=\"async\" src=\"https:\/\/exclusivo.vermon.com.br\/wp-content\/uploads\/2025\/03\/19.jpg\" alt=\"19\" \/><\/figure>\n<figure><img decoding=\"async\" src=\"https:\/\/exclusivo.vermon.com.br\/wp-content\/uploads\/2025\/03\/11.jpg\" alt=\"11\" \/><\/figure>\n<figure><img decoding=\"async\" src=\"https:\/\/exclusivo.vermon.com.br\/wp-content\/uploads\/2025\/03\/12.jpg\" alt=\"12\" \/><\/figure>\n<figure><img decoding=\"async\" src=\"https:\/\/exclusivo.vermon.com.br\/wp-content\/uploads\/2025\/03\/13.jpg\" alt=\"13\" \/><\/figure>\n<figure><img decoding=\"async\" src=\"https:\/\/exclusivo.vermon.com.br\/wp-content\/uploads\/2025\/03\/14.jpg\" alt=\"14\" \/><\/figure>\n<figure><img decoding=\"async\" src=\"https:\/\/exclusivo.vermon.com.br\/wp-content\/uploads\/2025\/03\/15.jpg\" alt=\"15\" \/><\/figure>\n<figure><img decoding=\"async\" src=\"https:\/\/exclusivo.vermon.com.br\/wp-content\/uploads\/2025\/03\/16.jpg\" alt=\"16\" \/><\/figure>\n<figure><img decoding=\"async\" src=\"https:\/\/exclusivo.vermon.com.br\/wp-content\/uploads\/2025\/03\/17.jpg\" alt=\"17\" \/><\/figure>\n<figure><img decoding=\"async\" src=\"https:\/\/exclusivo.vermon.com.br\/wp-content\/uploads\/2025\/03\/18.jpg\" alt=\"18\" \/><\/figure>\n<p>\t\t\t\t\t\t<svg aria-hidden=\"true\" viewBox=\"0 0 1000 1000\" xmlns=\"http:\/\/www.w3.org\/2000\/svg\"><path d=\"M646 125C629 125 613 133 604 142L308 442C296 454 292 471 292 487 292 504 296 521 308 533L604 854C617 867 629 875 646 875 663 875 679 871 692 858 704 846 713 829 713 812 713 796 708 779 692 767L438 487 692 225C700 217 708 204 708 187 708 171 704 154 692 142 675 129 663 125 646 125Z\"><\/path><\/svg><br \/>\n\t\t\t\t\t\t<svg aria-hidden=\"true\" viewBox=\"0 0 1000 1000\" xmlns=\"http:\/\/www.w3.org\/2000\/svg\"><path d=\"M696 533C708 521 713 504 713 487 713 471 708 454 696 446L400 146C388 133 375 125 354 125 338 125 325 129 313 142 300 154 292 171 292 187 292 204 296 221 308 233L563 492 304 771C292 783 288 800 288 817 288 833 296 850 308 863 321 871 338 875 354 875 371 875 388 867 400 854L696 533Z\"><\/path><\/svg>\t\t\t\t\t<\/p>\n<h2>CONHE\u00c7A NOSSA LINHA COMPLETA<\/h2>\n<h2>ENCONTRE O LOOK PERFEITO PARA SEU TREINO<\/h2>\n<p>\t\t\t\t\t\t\t\t<a data-elementor-open-lightbox=\"yes\" data-elementor-lightbox-slideshow=\"1923b6f\" data-elementor-lightbox-title=\"8\" data-e-action-hash=\"#elementor-action%3Aaction%3Dlightbox%26settings%3DeyJpZCI6MTk1LCJ1cmwiOiJodHRwczpcL1wvZXhjbHVzaXZvLnZlcm1vbi5jb20uYnJcL3dwLWNvbnRlbnRcL3VwbG9hZHNcLzIwMjVcLzAzXC84LnBuZyIsInNsaWRlc2hvdyI6IjE5MjNiNmYifQ%3D%3D\" href=\"https:\/\/vermon.com.br\"><\/p>\n<figure><img decoding=\"async\" src=\"https:\/\/exclusivo.vermon.com.br\/wp-content\/uploads\/2025\/03\/8.png\" alt=\"8\" \/><\/figure>\n<p><\/a><a data-elementor-open-lightbox=\"yes\" data-elementor-lightbox-slideshow=\"1923b6f\" data-elementor-lightbox-title=\"7\" data-e-action-hash=\"#elementor-action%3Aaction%3Dlightbox%26settings%3DeyJpZCI6MTk0LCJ1cmwiOiJodHRwczpcL1wvZXhjbHVzaXZvLnZlcm1vbi5jb20uYnJcL3dwLWNvbnRlbnRcL3VwbG9hZHNcLzIwMjVcLzAzXC83LnBuZyIsInNsaWRlc2hvdyI6IjE5MjNiNmYifQ%3D%3D\" href=\"https:\/\/vermon.com.br\"><\/p>\n<figure><img decoding=\"async\" src=\"https:\/\/exclusivo.vermon.com.br\/wp-content\/uploads\/2025\/03\/7.png\" alt=\"7\" \/><\/figure>\n<p><\/a><a data-elementor-open-lightbox=\"yes\" data-elementor-lightbox-slideshow=\"1923b6f\" data-elementor-lightbox-title=\"6\" data-e-action-hash=\"#elementor-action%3Aaction%3Dlightbox%26settings%3DeyJpZCI6MTkzLCJ1cmwiOiJodHRwczpcL1wvZXhjbHVzaXZvLnZlcm1vbi5jb20uYnJcL3dwLWNvbnRlbnRcL3VwbG9hZHNcLzIwMjVcLzAzXC82LnBuZyIsInNsaWRlc2hvdyI6IjE5MjNiNmYifQ%3D%3D\" href=\"https:\/\/vermon.com.br\"><\/p>\n<figure><img decoding=\"async\" src=\"https:\/\/exclusivo.vermon.com.br\/wp-content\/uploads\/2025\/03\/6.png\" alt=\"6\" \/><\/figure>\n<p><\/a><a data-elementor-open-lightbox=\"yes\" data-elementor-lightbox-slideshow=\"1923b6f\" data-elementor-lightbox-title=\"5\" data-e-action-hash=\"#elementor-action%3Aaction%3Dlightbox%26settings%3DeyJpZCI6MTkyLCJ1cmwiOiJodHRwczpcL1wvZXhjbHVzaXZvLnZlcm1vbi5jb20uYnJcL3dwLWNvbnRlbnRcL3VwbG9hZHNcLzIwMjVcLzAzXC81LnBuZyIsInNsaWRlc2hvdyI6IjE5MjNiNmYifQ%3D%3D\" href=\"https:\/\/vermon.com.br\"><\/p>\n<figure><img decoding=\"async\" src=\"https:\/\/exclusivo.vermon.com.br\/wp-content\/uploads\/2025\/03\/5.png\" alt=\"5\" \/><\/figure>\n<p><\/a><a data-elementor-open-lightbox=\"yes\" data-elementor-lightbox-slideshow=\"1923b6f\" data-elementor-lightbox-title=\"4\" data-e-action-hash=\"#elementor-action%3Aaction%3Dlightbox%26settings%3DeyJpZCI6MTkxLCJ1cmwiOiJodHRwczpcL1wvZXhjbHVzaXZvLnZlcm1vbi5jb20uYnJcL3dwLWNvbnRlbnRcL3VwbG9hZHNcLzIwMjVcLzAzXC80LnBuZyIsInNsaWRlc2hvdyI6IjE5MjNiNmYifQ%3D%3D\" href=\"https:\/\/vermon.com.br\"><\/p>\n<figure><img decoding=\"async\" src=\"https:\/\/exclusivo.vermon.com.br\/wp-content\/uploads\/2025\/03\/4.png\" alt=\"4\" \/><\/figure>\n<p><\/a><a data-elementor-open-lightbox=\"yes\" data-elementor-lightbox-slideshow=\"1923b6f\" data-elementor-lightbox-title=\"3\" data-e-action-hash=\"#elementor-action%3Aaction%3Dlightbox%26settings%3DeyJpZCI6MTkwLCJ1cmwiOiJodHRwczpcL1wvZXhjbHVzaXZvLnZlcm1vbi5jb20uYnJcL3dwLWNvbnRlbnRcL3VwbG9hZHNcLzIwMjVcLzAzXC8zLnBuZyIsInNsaWRlc2hvdyI6IjE5MjNiNmYifQ%3D%3D\" href=\"https:\/\/vermon.com.br\"><\/p>\n<figure><img decoding=\"async\" src=\"https:\/\/exclusivo.vermon.com.br\/wp-content\/uploads\/2025\/03\/3.png\" alt=\"3\" \/><\/figure>\n<p><\/a><a data-elementor-open-lightbox=\"yes\" data-elementor-lightbox-slideshow=\"1923b6f\" data-elementor-lightbox-title=\"2\" data-e-action-hash=\"#elementor-action%3Aaction%3Dlightbox%26settings%3DeyJpZCI6MTg5LCJ1cmwiOiJodHRwczpcL1wvZXhjbHVzaXZvLnZlcm1vbi5jb20uYnJcL3dwLWNvbnRlbnRcL3VwbG9hZHNcLzIwMjVcLzAzXC8yLnBuZyIsInNsaWRlc2hvdyI6IjE5MjNiNmYifQ%3D%3D\" href=\"https:\/\/vermon.com.br\"><\/p>\n<figure><img decoding=\"async\" src=\"https:\/\/exclusivo.vermon.com.br\/wp-content\/uploads\/2025\/03\/2.png\" alt=\"2\" \/><\/figure>\n<p><\/a><a data-elementor-open-lightbox=\"yes\" data-elementor-lightbox-slideshow=\"1923b6f\" data-elementor-lightbox-title=\"1\" data-e-action-hash=\"#elementor-action%3Aaction%3Dlightbox%26settings%3DeyJpZCI6MTg4LCJ1cmwiOiJodHRwczpcL1wvZXhjbHVzaXZvLnZlcm1vbi5jb20uYnJcL3dwLWNvbnRlbnRcL3VwbG9hZHNcLzIwMjVcLzAzXC8xLnBuZyIsInNsaWRlc2hvdyI6IjE5MjNiNmYifQ%3D%3D\" href=\"https:\/\/vermon.com.br\"><\/p>\n<figure><img decoding=\"async\" src=\"https:\/\/exclusivo.vermon.com.br\/wp-content\/uploads\/2025\/03\/1.png\" alt=\"1\" \/><\/figure>\n<p><\/a><br \/>\n\t\t\t\t\t\t<svg aria-hidden=\"true\" viewBox=\"0 0 1000 1000\" xmlns=\"http:\/\/www.w3.org\/2000\/svg\"><path d=\"M646 125C629 125 613 133 604 142L308 442C296 454 292 471 292 487 292 504 296 521 308 533L604 854C617 867 629 875 646 875 663 875 679 871 692 858 704 846 713 829 713 812 713 796 708 779 692 767L438 487 692 225C700 217 708 204 708 187 708 171 704 154 692 142 675 129 663 125 646 125Z\"><\/path><\/svg><br \/>\n\t\t\t\t\t\t<svg aria-hidden=\"true\" viewBox=\"0 0 1000 1000\" xmlns=\"http:\/\/www.w3.org\/2000\/svg\"><path d=\"M696 533C708 521 713 504 713 487 713 471 708 454 696 446L400 146C388 133 375 125 354 125 338 125 325 129 313 142 300 154 292 171 292 187 292 204 296 221 308 233L563 492 304 771C292 783 288 800 288 817 288 833 296 850 308 863 321 871 338 875 354 875 371 875 388 867 400 854L696 533Z\"><\/path><\/svg>\t\t\t\t\t<\/p>\n<h2>DEPOIMENTOS<\/h2>\n<h2>O QUE NOSSOS CLIENTES DIZEM<\/h2>\n<p>\t\t\t\t\t\t\t&#8230;n\u00e3o tem nada igual&#8230;<br \/>\n\t\t\t\t<i aria-hidden=\"true\">&#9733;<\/i><i aria-hidden=\"true\">&#9733;<\/i><i aria-hidden=\"true\">&#9733;<\/i><i aria-hidden=\"true\">&#9733;<\/i><i aria-hidden=\"true\">&#9733;<\/i>\t\t\t\tClassificado como 5 de 5<br \/>\n\t\t\t\t\t\t\tConhe\u00e7o e uso as roupas da Vermon a muitos anos, s\u00e3o fabricadas com capricho e com tecidos de uma qualidade que j\u00e1 n\u00e3o vemos mais no mercado&#8230;<br \/>\n\t\t\t\t\t\t\t<img loading=\"lazy\" decoding=\"async\" width=\"40\" height=\"40\" src=\"https:\/\/exclusivo.vermon.com.br\/wp-content\/uploads\/2025\/03\/depoimento-1.png\" alt=\"\" \/><br \/>\n\t\t\t\t\t\t\t\t\t\t\t\t\t\tDIEGO ALBERICH<br \/>\n\t\t\t\t\t\t\t\t\t\t\t\t\t\t\t\t\t\t\t\t\t\tCliente<br \/>\n\t\t\t\t\t\t\t&#8230;\u00e9 um produto incr\u00edvel!<br \/>\n\t\t\t\t<i aria-hidden=\"true\">&#9733;<\/i><i aria-hidden=\"true\">&#9733;<\/i><i aria-hidden=\"true\">&#9733;<\/i><i aria-hidden=\"true\">&#9733;<\/i><i aria-hidden=\"true\">&#9733;<\/i>\t\t\t\tClassificado como 5 de 5<br \/>\n\t\t\t\t\t\t\tPre\u00e7o justo e roupas de qualidade excelente. Vale muiito a pena! \u00d3timo atendimento tamb\u00e9m.<br \/>\n\t\t\t\t\t\t\t<img loading=\"lazy\" decoding=\"async\" width=\"40\" height=\"40\" src=\"https:\/\/exclusivo.vermon.com.br\/wp-content\/uploads\/2025\/03\/depoimento-2.png\" alt=\"\" \/><br \/>\n\t\t\t\t\t\t\t\t\t\t\t\t\t\tNoelle Nery<br \/>\n\t\t\t\t\t\t\t\t\t\t\t\t\t\t\t\t\t\t\t\t\t\tCliente<\/p>\n<p>\u00a9 2026 Vermon Moda Fitness. Todos os direitos reservados.<\/p>\n<style>\n    html, body {\n        overflow-x: hidden !important;\n    }\n<\/style>\n","protected":false},"excerpt":{"rendered":"<p>NOVA COLE\u00c7\u00c3O VERMON 2026 Moda fitness com cole\u00e7\u00e3o exclusiva para quem treina com prop\u00f3sito e vive com intensidade. Escolha o que combina com voc\u00ea e eleve seu treino a outro n\u00edvel! VISITE NOSSA LOJA F\u00cdSICA 20 + Anos no Mercado Fitness 820 + Clientes satisfeitos 100 % Alta aprova\u00e7\u00e3o dos Produtos 60 + Cole\u00e7\u00f5es exclusivas [&hellip;]<\/p>\n","protected":false},"author":1,"featured_media":51,"parent":0,"menu_order":0,"comment_status":"closed","ping_status":"closed","template":"elementor_canvas","meta":{"footnotes":""},"class_list":["post-25","page","type-page","status-publish","has-post-thumbnail","hentry"],"_links":{"self":[{"href":"https:\/\/exclusivo.vermon.com.br\/index.php\/wp-json\/wp\/v2\/pages\/25","targetHints":{"allow":["GET"]}}],"collection":[{"href":"https:\/\/exclusivo.vermon.com.br\/index.php\/wp-json\/wp\/v2\/pages"}],"about":[{"href":"https:\/\/exclusivo.vermon.com.br\/index.php\/wp-json\/wp\/v2\/types\/page"}],"author":[{"embeddable":true,"href":"https:\/\/exclusivo.vermon.com.br\/index.php\/wp-json\/wp\/v2\/users\/1"}],"replies":[{"embeddable":true,"href":"https:\/\/exclusivo.vermon.com.br\/index.php\/wp-json\/wp\/v2\/comments?post=25"}],"version-history":[{"count":232,"href":"https:\/\/exclusivo.vermon.com.br\/index.php\/wp-json\/wp\/v2\/pages\/25\/revisions"}],"predecessor-version":[{"id":322,"href":"https:\/\/exclusivo.vermon.com.br\/index.php\/wp-json\/wp\/v2\/pages\/25\/revisions\/322"}],"wp:featuredmedia":[{"embeddable":true,"href":"https:\/\/exclusivo.vermon.com.br\/index.php\/wp-json\/wp\/v2\/media\/51"}],"wp:attachment":[{"href":"https:\/\/exclusivo.vermon.com.br\/index.php\/wp-json\/wp\/v2\/media?parent=25"}],"curies":[{"name":"wp","href":"https:\/\/api.w.org\/{rel}","templated":true}]}}